{"id":146,"date":"2019-01-09T07:58:13","date_gmt":"2019-01-09T07:58:13","guid":{"rendered":"https:\/\/deltaideal.com\/tr\/blog\/"},"modified":"2024-08-18T21:00:56","modified_gmt":"2024-08-18T21:00:56","slug":"blog","status":"publish","type":"page","link":"https:\/\/deltaideal.com\/tr\/blog\/","title":{"rendered":"Blog"},"content":{"rendered":"\t\t<div data-elementor-type=\"wp-post\" data-elementor-id=\"146\" class=\"elementor elementor-146\">\n\t\t\t\t\t\t<section class=\"elementor-section elementor-top-section elementor-element elementor-element-ee95f51 elementor-section-boxed elementor-section-height-default elementor-section-height-default\" data-id=\"ee95f51\" data-element_type=\"section\">\n\t\t\t\t\t\t<div class=\"elementor-container elementor-column-gap-default\">\n\t\t\t\t\t<div class=\"aux-parallax-section elementor-column elementor-col-100 elementor-top-column elementor-element elementor-element-cef9374\" data-id=\"cef9374\" data-element_type=\"column\">\n\t\t\t<div class=\"elementor-widget-wrap elementor-element-populated\">\n\t\t\t\t\t\t<div class=\"elementor-element elementor-element-b4300d5 elementor-widget elementor-widget-aux_modern_heading\" data-id=\"b4300d5\" data-element_type=\"widget\" data-widget_type=\"aux_modern_heading.default\">\n\t\t\t\t<div class=\"elementor-widget-container\">\n\t\t\t<section class=\"aux-widget-modern-heading\">\n            <div class=\"aux-widget-inner\"><h2 class=\"aux-modern-heading-primary\"><\/h2><h3 class=\"aux-modern-heading-secondary\"><span class=\"aux-head-before\">g\u00fcn\u00fcn bilimi<\/span><\/h3><div class=\"aux-modern-heading-divider\"><\/div><div class=\"aux-modern-heading-description\"><p>\u0130n\u015faat m\u00fchendisli\u011fi ve mimarl\u0131k \u00fczerine g\u00fcnl\u00fck makaleler<\/p><\/div><\/div>\n        <\/section>\t\t<\/div>\n\t\t\t\t<\/div>\n\t\t\t\t<div class=\"elementor-element elementor-element-50483ae elementor-widget elementor-widget-aux_recent_posts\" data-id=\"50483ae\" data-element_type=\"widget\" data-settings=\"{&quot;columns_tablet&quot;:&quot;2&quot;,&quot;columns&quot;:&quot;4&quot;,&quot;columns_mobile&quot;:&quot;1&quot;}\" data-widget_type=\"aux_recent_posts.default\">\n\t\t\t\t<div class=\"elementor-widget-container\">\n\t\t\t<section class=\"widget-container aux-widget-recent-posts aux-parent-au39fb5d53\"><div data-element-id=\"au39fb5d53\" class=\"aux-match-height aux-row aux-de-col4 aux-tb-col2 aux-mb-col1 aux-total-1 aux-flip-box aux-ajax-view  \"><div class=\"aux-col post-112\"><article class=\"post column-entry post-112 type-post status-publish format-standard has-post-thumbnail hentry category-madde\">\n\n    <div class=\"aux-flip-front\">\n            <div class=\"entry-media\"><div class=\"aux-media-frame aux-media-image aux-image-mask\"><a href=\"https:\/\/deltaideal.com\/tr\/2019\/04\/11\/how-to-become-a-successful-young-entrepreneur\/\"><img fetchpriority=\"high\" decoding=\"async\" width=\"470\" height=\"625\" src=\"data:image\/gif;base64,R0lGODlhAQABAIAAAAAAAP\/\/\/yH5BAEAAAAALAAAAAABAAEAAAIBRAA7\" class=\"aux-attachment aux-featured-image attachment-470x625.1 aux-attachment-id-39  aux-preload aux-blank\" alt=\"demo-attachment-767-construction-worker-planning-contractor-developer-PJYYTH5\" data-ratio=\"0.75\" data-original-w=\"5760\" sizes=\"auto\" data-srcset=\"https:\/\/deltaideal.com\/tr\/wp-content\/uploads\/2019\/01\/construction-worker-planning-contractor-developer-PJYYTH5-150x200.png 150w,https:\/\/deltaideal.com\/tr\/wp-content\/uploads\/2019\/01\/construction-worker-planning-contractor-developer-PJYYTH5-300x399.png 300w,https:\/\/deltaideal.com\/tr\/wp-content\/uploads\/2019\/01\/construction-worker-planning-contractor-developer-PJYYTH5-768x1021.png 768w,https:\/\/deltaideal.com\/tr\/wp-content\/uploads\/2019\/01\/construction-worker-planning-contractor-developer-PJYYTH5-1024x1362.png 1024w,https:\/\/deltaideal.com\/tr\/wp-content\/uploads\/2019\/01\/construction-worker-planning-contractor-developer-PJYYTH5-470x625.png 470w,https:\/\/deltaideal.com\/tr\/wp-content\/uploads\/2019\/01\/construction-worker-planning-contractor-developer-PJYYTH5-5750x7647.png 5750w\" data-src=\"https:\/\/deltaideal.com\/tr\/wp-content\/uploads\/2019\/01\/construction-worker-planning-contractor-developer-PJYYTH5-470x625.png\" \/><\/a><\/div><\/div>\n    \n        <div class=\"entry-main\">\n        <header class=\"entry-header\">\n            \n                <h4 class=\"entry-title\">\n                    <a href=\"https:\/\/deltaideal.com\/tr\/2019\/04\/11\/how-to-become-a-successful-young-entrepreneur\/\">\n                        Ba\u015far\u0131l\u0131 Bir Gen\u00e7 Giri\u015fimci Nas\u0131l Olunur                    <\/a>\n                <\/h4>\n                        <div class=\"entry-format\">\n                <a href=\"https:\/\/deltaideal.com\/tr\/2019\/04\/11\/how-to-become-a-successful-young-entrepreneur\/\">\n                    <div class=\"post-format format-\"> <\/div>\n                <\/a>\n            <\/div>\n        <\/header>\n                    <div class=\"entry-info\">\n                                    <div class=\"entry-date\">\n                        <a href=\"https:\/\/deltaideal.com\/tr\/2019\/04\/11\/how-to-become-a-successful-young-entrepreneur\/\">\n                            <time datetime=\"2019-04-11T09:22:38+00:00\" title=\"2019-04-11T09:22:38+00:00\" >April 11, 2019<\/time>\n                        <\/a>\n                    <\/div>\n                                                                                            <\/div>\n                                        <footer class=\"entry-meta clearfix\">\n                                    <div class=\"readmore\">\n                        <a href=\"https:\/\/deltaideal.com\/tr\/2019\/04\/11\/how-to-become-a-successful-young-entrepreneur\/\" class=\"aux-read-more\"><span class=\"aux-read-more-text\">Read More<\/span><\/a>\n                    <\/div>\n                                    <div class=\"comments-iconic\">\n                        \t\t<div class=\"wpulike wpulike-heart aux-wpulike  aux-wpulike-widget\" ><div class=\"wp_ulike_general_class wp_ulike_is_not_liked\"><button type=\"button\"\n\t\t\t\t\taria-label=\"Like Button\"\n\t\t\t\t\tdata-ulike-id=\"112\"\n\t\t\t\t\tdata-ulike-nonce=\"1d41611ee2\"\n\t\t\t\t\tdata-ulike-type=\"post\"\n\t\t\t\t\tdata-ulike-template=\"wpulike-heart\"\n\t\t\t\t\tdata-ulike-display-likers=\"0\"\n\t\t\t\t\tdata-ulike-likers-style=\"popover\"\n\t\t\t\t\tclass=\"wp_ulike_btn wp_ulike_put_image wp_post_btn_112\"><\/button><span class=\"count-box wp_ulike_counter_up\" data-ulike-counter-value=\"0\"><\/span>\t\t\t<\/div><\/div>\n\t                    <\/div>\n                            <\/footer>\n            <\/div>\n        <\/div>\n    <div class=\"aux-flip-back\">\n            <div class=\"entry-main\">\n        <header class=\"entry-header\">\n            \n                <h4 class=\"entry-title\">\n                    <a href=\"https:\/\/deltaideal.com\/tr\/2019\/04\/11\/how-to-become-a-successful-young-entrepreneur\/\">\n                        Ba\u015far\u0131l\u0131 Bir Gen\u00e7 Giri\u015fimci Nas\u0131l Olunur                    <\/a>\n                <\/h4>\n                        <div class=\"entry-format\">\n                <a href=\"https:\/\/deltaideal.com\/tr\/2019\/04\/11\/how-to-become-a-successful-young-entrepreneur\/\">\n                    <div class=\"post-format format-\"> <\/div>\n                <\/a>\n            <\/div>\n        <\/header>\n                    <div class=\"entry-info\">\n                                    <div class=\"entry-date\">\n                        <a href=\"https:\/\/deltaideal.com\/tr\/2019\/04\/11\/how-to-become-a-successful-young-entrepreneur\/\">\n                            <time datetime=\"2019-04-11T09:22:38+00:00\" title=\"2019-04-11T09:22:38+00:00\" >April 11, 2019<\/time>\n                        <\/a>\n                    <\/div>\n                                                                                            <\/div>\n                                        <footer class=\"entry-meta clearfix\">\n                                    <div class=\"readmore\">\n                        <a href=\"https:\/\/deltaideal.com\/tr\/2019\/04\/11\/how-to-become-a-successful-young-entrepreneur\/\" class=\"aux-read-more\"><span class=\"aux-read-more-text\">Read More<\/span><\/a>\n                    <\/div>\n                                    <div class=\"comments-iconic\">\n                        \t\t<div class=\"wpulike wpulike-heart aux-wpulike  aux-wpulike-widget\" ><div class=\"wp_ulike_general_class wp_ulike_is_not_liked\"><button type=\"button\"\n\t\t\t\t\taria-label=\"Like Button\"\n\t\t\t\t\tdata-ulike-id=\"112\"\n\t\t\t\t\tdata-ulike-nonce=\"1d41611ee2\"\n\t\t\t\t\tdata-ulike-type=\"post\"\n\t\t\t\t\tdata-ulike-template=\"wpulike-heart\"\n\t\t\t\t\tdata-ulike-display-likers=\"0\"\n\t\t\t\t\tdata-ulike-likers-style=\"popover\"\n\t\t\t\t\tclass=\"wp_ulike_btn wp_ulike_put_image wp_post_btn_112\"><\/button><span class=\"count-box wp_ulike_counter_up\" data-ulike-counter-value=\"0\"><\/span>\t\t\t<\/div><\/div>\n\t                    <\/div>\n                            <\/footer>\n            <\/div>\n        <\/div>\n<\/article><\/div><\/div><\/section><!-- widget-container -->\t\t<\/div>\n\t\t\t\t<\/div>\n\t\t\t\t\t<\/div>\n\t\t<\/div>\n\t\t\t\t\t<\/div>\n\t\t<\/section>\n\t\t\t\t<\/div>\n\t\t","protected":false},"excerpt":{"rendered":"<p>g\u00fcn\u00fcn bilimi \u0130n\u015faat m\u00fchendisli\u011fi ve mimarl\u0131k \u00fczerine g\u00fcnl\u00fck makaleler Ba\u015far\u0131l\u0131 Bir Gen\u00e7 Giri\u015fimci Nas\u0131l Olunur April 11, 2019 | Edit Read More Ba\u015far\u0131l\u0131 Bir Gen\u00e7 Giri\u015fimci Nas\u0131l Olunur April 11, 2019 | Edit Read More<\/p>\n","protected":false},"author":1,"featured_media":0,"parent":0,"menu_order":0,"comment_status":"closed","ping_status":"closed","template":"","meta":{"footnotes":""},"class_list":["post-146","page","type-page","status-publish","hentry"],"_links":{"self":[{"href":"https:\/\/deltaideal.com\/tr\/wp-json\/wp\/v2\/pages\/146","targetHints":{"allow":["GET"]}}],"collection":[{"href":"https:\/\/deltaideal.com\/tr\/wp-json\/wp\/v2\/pages"}],"about":[{"href":"https:\/\/deltaideal.com\/tr\/wp-json\/wp\/v2\/types\/page"}],"author":[{"embeddable":true,"href":"https:\/\/deltaideal.com\/tr\/wp-json\/wp\/v2\/users\/1"}],"replies":[{"embeddable":true,"href":"https:\/\/deltaideal.com\/tr\/wp-json\/wp\/v2\/comments?post=146"}],"version-history":[{"count":18,"href":"https:\/\/deltaideal.com\/tr\/wp-json\/wp\/v2\/pages\/146\/revisions"}],"predecessor-version":[{"id":3512,"href":"https:\/\/deltaideal.com\/tr\/wp-json\/wp\/v2\/pages\/146\/revisions\/3512"}],"wp:attachment":[{"href":"https:\/\/deltaideal.com\/tr\/wp-json\/wp\/v2\/media?parent=146"}],"curies":[{"name":"wp","href":"https:\/\/api.w.org\/{rel}","templated":true}]}}