{"id":246,"date":"2024-08-16T22:30:43","date_gmt":"2024-08-16T22:30:43","guid":{"rendered":"https:\/\/deltaideal.com\/tr\/?page_id=246"},"modified":"2024-08-18T21:00:44","modified_gmt":"2024-08-18T21:00:44","slug":"haberler","status":"publish","type":"page","link":"https:\/\/deltaideal.com\/tr\/haberler\/","title":{"rendered":"Haberler"},"content":{"rendered":"\t\t<div data-elementor-type=\"wp-post\" data-elementor-id=\"246\" class=\"elementor elementor-246\">\n\t\t\t\t\t\t<section class=\"elementor-section elementor-top-section elementor-element elementor-element-ee95f51 elementor-section-boxed elementor-section-height-default elementor-section-height-default\" data-id=\"ee95f51\" data-element_type=\"section\">\n\t\t\t\t\t\t<div class=\"elementor-container elementor-column-gap-default\">\n\t\t\t\t\t<div class=\"aux-parallax-section elementor-column elementor-col-100 elementor-top-column elementor-element elementor-element-cef9374\" data-id=\"cef9374\" data-element_type=\"column\">\n\t\t\t<div class=\"elementor-widget-wrap elementor-element-populated\">\n\t\t\t\t\t\t<div class=\"elementor-element elementor-element-b4300d5 elementor-widget elementor-widget-aux_modern_heading\" data-id=\"b4300d5\" data-element_type=\"widget\" data-widget_type=\"aux_modern_heading.default\">\n\t\t\t\t<div class=\"elementor-widget-container\">\n\t\t\t<section class=\"aux-widget-modern-heading\">\n            <div class=\"aux-widget-inner\"><h2 class=\"aux-modern-heading-primary\"><\/h2><h3 class=\"aux-modern-heading-secondary\"><span class=\"aux-head-before\">Son zamanlarda neler oluyor?<\/span><\/h3><div class=\"aux-modern-heading-divider\"><\/div><div class=\"aux-modern-heading-description\"><p>G\u00fcnl\u00fck Haberlerimiz<\/p><\/div><\/div>\n        <\/section>\t\t<\/div>\n\t\t\t\t<\/div>\n\t\t\t\t<div class=\"elementor-element elementor-element-50483ae elementor-widget elementor-widget-aux_recent_posts\" data-id=\"50483ae\" data-element_type=\"widget\" data-settings=\"{&quot;columns_tablet&quot;:&quot;2&quot;,&quot;columns&quot;:&quot;4&quot;,&quot;columns_mobile&quot;:&quot;1&quot;}\" data-widget_type=\"aux_recent_posts.default\">\n\t\t\t\t<div class=\"elementor-widget-container\">\n\t\t\t<section class=\"widget-container aux-widget-recent-posts aux-parent-au385d8ba8\"><div data-element-id=\"au385d8ba8\" class=\"aux-match-height aux-row aux-de-col4 aux-tb-col2 aux-mb-col1 aux-total-2 aux-flip-box aux-ajax-view  \"><div class=\"aux-col post-3361\"><article class=\"post column-entry post-3361 type-post status-publish format-standard has-post-thumbnail hentry category-haberler\">\n\n    <div class=\"aux-flip-front\">\n            <div class=\"entry-media\"><div class=\"aux-media-frame aux-media-image aux-image-mask\"><a href=\"https:\/\/deltaideal.com\/tr\/2024\/06\/15\/sayin-isfahan-valisinin-yeni-sehir-baharistan-projesine-ziyareti\/\"><img fetchpriority=\"high\" decoding=\"async\" width=\"470\" height=\"556\" src=\"data:image\/gif;base64,R0lGODlhAQABAIAAAAAAAP\/\/\/yH5BAEAAAAALAAAAAABAAEAAAIBRAA7\" class=\"aux-attachment aux-featured-image attachment-470x556 aux-attachment-id-3365  aux-preload aux-blank\" alt=\"baharstean03-1000-990x556\" data-ratio=\"0.75\" data-original-w=\"990\" sizes=\"auto\" data-srcset=\"https:\/\/deltaideal.com\/tr\/wp-content\/uploads\/2024\/06\/baharstean03-1000-990x556-1-150x200.jpg 150w,https:\/\/deltaideal.com\/tr\/wp-content\/uploads\/2024\/06\/baharstean03-1000-990x556-1-300x399.jpg 300w,https:\/\/deltaideal.com\/tr\/wp-content\/uploads\/2024\/06\/baharstean03-1000-990x556-1-768x1021.jpg 768w,https:\/\/deltaideal.com\/tr\/wp-content\/uploads\/2024\/06\/baharstean03-1000-990x556-1-470x625.jpg 470w,https:\/\/deltaideal.com\/tr\/wp-content\/uploads\/2024\/06\/baharstean03-1000-990x556-1-980x1303.jpg 980w\" data-src=\"https:\/\/deltaideal.com\/tr\/wp-content\/uploads\/2024\/06\/baharstean03-1000-990x556-1-470x625.jpg\" \/><\/a><\/div><\/div>\n    \n        <div class=\"entry-main\">\n        <header class=\"entry-header\">\n            \n                <h4 class=\"entry-title\">\n                    <a href=\"https:\/\/deltaideal.com\/tr\/2024\/06\/15\/sayin-isfahan-valisinin-yeni-sehir-baharistan-projesine-ziyareti\/\">\n                        Say\u0131n \u0130sfahan Valisinin yeni \u015fehir Baharistan projesine ziyareti                    <\/a>\n                <\/h4>\n                        <div class=\"entry-format\">\n                <a href=\"https:\/\/deltaideal.com\/tr\/2024\/06\/15\/sayin-isfahan-valisinin-yeni-sehir-baharistan-projesine-ziyareti\/\">\n                    <div class=\"post-format format-\"> <\/div>\n                <\/a>\n            <\/div>\n        <\/header>\n                    <div class=\"entry-info\">\n                                    <div class=\"entry-date\">\n                        <a href=\"https:\/\/deltaideal.com\/tr\/2024\/06\/15\/sayin-isfahan-valisinin-yeni-sehir-baharistan-projesine-ziyareti\/\">\n                            <time datetime=\"2024-06-15T09:46:26+00:00\" title=\"2024-06-15T09:46:26+00:00\" >June 15, 2024<\/time>\n                        <\/a>\n                    <\/div>\n                                                                                            <\/div>\n                                        <footer class=\"entry-meta clearfix\">\n                                    <div class=\"readmore\">\n                        <a href=\"https:\/\/deltaideal.com\/tr\/2024\/06\/15\/sayin-isfahan-valisinin-yeni-sehir-baharistan-projesine-ziyareti\/\" class=\"aux-read-more\"><span class=\"aux-read-more-text\">Read More<\/span><\/a>\n                    <\/div>\n                                    <div class=\"comments-iconic\">\n                        \t\t<div class=\"wpulike wpulike-heart aux-wpulike  aux-wpulike-widget\" ><div class=\"wp_ulike_general_class wp_ulike_is_not_liked\"><button type=\"button\"\n\t\t\t\t\taria-label=\"Like Button\"\n\t\t\t\t\tdata-ulike-id=\"3361\"\n\t\t\t\t\tdata-ulike-nonce=\"cda49a65aa\"\n\t\t\t\t\tdata-ulike-type=\"post\"\n\t\t\t\t\tdata-ulike-template=\"wpulike-heart\"\n\t\t\t\t\tdata-ulike-display-likers=\"0\"\n\t\t\t\t\tdata-ulike-likers-style=\"popover\"\n\t\t\t\t\tclass=\"wp_ulike_btn wp_ulike_put_image wp_post_btn_3361\"><\/button><span class=\"count-box wp_ulike_counter_up\" data-ulike-counter-value=\"0\"><\/span>\t\t\t<\/div><\/div>\n\t                    <\/div>\n                            <\/footer>\n            <\/div>\n        <\/div>\n    <div class=\"aux-flip-back\">\n            <div class=\"entry-main\">\n        <header class=\"entry-header\">\n            \n                <h4 class=\"entry-title\">\n                    <a href=\"https:\/\/deltaideal.com\/tr\/2024\/06\/15\/sayin-isfahan-valisinin-yeni-sehir-baharistan-projesine-ziyareti\/\">\n                        Say\u0131n \u0130sfahan Valisinin yeni \u015fehir Baharistan projesine ziyareti                    <\/a>\n                <\/h4>\n                        <div class=\"entry-format\">\n                <a href=\"https:\/\/deltaideal.com\/tr\/2024\/06\/15\/sayin-isfahan-valisinin-yeni-sehir-baharistan-projesine-ziyareti\/\">\n                    <div class=\"post-format format-\"> <\/div>\n                <\/a>\n            <\/div>\n        <\/header>\n                    <div class=\"entry-info\">\n                                    <div class=\"entry-date\">\n                        <a href=\"https:\/\/deltaideal.com\/tr\/2024\/06\/15\/sayin-isfahan-valisinin-yeni-sehir-baharistan-projesine-ziyareti\/\">\n                            <time datetime=\"2024-06-15T09:46:26+00:00\" title=\"2024-06-15T09:46:26+00:00\" >June 15, 2024<\/time>\n                        <\/a>\n                    <\/div>\n                                                                                            <\/div>\n                                        <footer class=\"entry-meta clearfix\">\n                                    <div class=\"readmore\">\n                        <a href=\"https:\/\/deltaideal.com\/tr\/2024\/06\/15\/sayin-isfahan-valisinin-yeni-sehir-baharistan-projesine-ziyareti\/\" class=\"aux-read-more\"><span class=\"aux-read-more-text\">Read More<\/span><\/a>\n                    <\/div>\n                                    <div class=\"comments-iconic\">\n                        \t\t<div class=\"wpulike wpulike-heart aux-wpulike  aux-wpulike-widget\" ><div class=\"wp_ulike_general_class wp_ulike_is_not_liked\"><button type=\"button\"\n\t\t\t\t\taria-label=\"Like Button\"\n\t\t\t\t\tdata-ulike-id=\"3361\"\n\t\t\t\t\tdata-ulike-nonce=\"cda49a65aa\"\n\t\t\t\t\tdata-ulike-type=\"post\"\n\t\t\t\t\tdata-ulike-template=\"wpulike-heart\"\n\t\t\t\t\tdata-ulike-display-likers=\"0\"\n\t\t\t\t\tdata-ulike-likers-style=\"popover\"\n\t\t\t\t\tclass=\"wp_ulike_btn wp_ulike_put_image wp_post_btn_3361\"><\/button><span class=\"count-box wp_ulike_counter_up\" data-ulike-counter-value=\"0\"><\/span>\t\t\t<\/div><\/div>\n\t                    <\/div>\n                            <\/footer>\n            <\/div>\n        <\/div>\n<\/article><\/div><div class=\"aux-col post-3354\"><article class=\"post column-entry post-3354 type-post status-publish format-standard has-post-thumbnail hentry category-haberler\">\n\n    <div class=\"aux-flip-front\">\n            <div class=\"entry-media\"><div class=\"aux-media-frame aux-media-image aux-image-mask\"><a href=\"https:\/\/deltaideal.com\/tr\/2024\/06\/15\/the-visit-of-the-honorable-governor-of-isfahan-to-the-land-organization-plan-in-the-east-of-isfahan\/\"><img decoding=\"async\" width=\"470\" height=\"556\" src=\"data:image\/gif;base64,R0lGODlhAQABAIAAAAAAAP\/\/\/yH5BAEAAAAALAAAAAABAAEAAAIBRAA7\" class=\"aux-attachment aux-featured-image attachment-470x556 aux-attachment-id-3366  aux-preload aux-blank\" alt=\"\u0628\u0627\u0632\u062f\u06cc\u062f-\u0627\u0633\u062a\u0627\u0646\u062f\u0627\u0631-\u0627\u0635\u0641\u0647\u0627\u0646-1000x1125-1-990x556\" data-ratio=\"0.75\" data-original-w=\"990\" sizes=\"auto\" data-srcset=\"https:\/\/deltaideal.com\/tr\/wp-content\/uploads\/2024\/06\/\u0628\u0627\u0632\u062f\u06cc\u062f-\u0627\u0633\u062a\u0627\u0646\u062f\u0627\u0631-\u0627\u0635\u0641\u0647\u0627\u0646-1000x1125-1-990x556-1-150x200.jpg 150w,https:\/\/deltaideal.com\/tr\/wp-content\/uploads\/2024\/06\/\u0628\u0627\u0632\u062f\u06cc\u062f-\u0627\u0633\u062a\u0627\u0646\u062f\u0627\u0631-\u0627\u0635\u0641\u0647\u0627\u0646-1000x1125-1-990x556-1-300x399.jpg 300w,https:\/\/deltaideal.com\/tr\/wp-content\/uploads\/2024\/06\/\u0628\u0627\u0632\u062f\u06cc\u062f-\u0627\u0633\u062a\u0627\u0646\u062f\u0627\u0631-\u0627\u0635\u0641\u0647\u0627\u0646-1000x1125-1-990x556-1-768x1021.jpg 768w,https:\/\/deltaideal.com\/tr\/wp-content\/uploads\/2024\/06\/\u0628\u0627\u0632\u062f\u06cc\u062f-\u0627\u0633\u062a\u0627\u0646\u062f\u0627\u0631-\u0627\u0635\u0641\u0647\u0627\u0646-1000x1125-1-990x556-1-470x625.jpg 470w,https:\/\/deltaideal.com\/tr\/wp-content\/uploads\/2024\/06\/\u0628\u0627\u0632\u062f\u06cc\u062f-\u0627\u0633\u062a\u0627\u0646\u062f\u0627\u0631-\u0627\u0635\u0641\u0647\u0627\u0646-1000x1125-1-990x556-1-980x1303.jpg 980w\" data-src=\"https:\/\/deltaideal.com\/tr\/wp-content\/uploads\/2024\/06\/\u0628\u0627\u0632\u062f\u06cc\u062f-\u0627\u0633\u062a\u0627\u0646\u062f\u0627\u0631-\u0627\u0635\u0641\u0647\u0627\u0646-1000x1125-1-990x556-1-470x625.jpg\" \/><\/a><\/div><\/div>\n    \n        <div class=\"entry-main\">\n        <header class=\"entry-header\">\n            \n                <h4 class=\"entry-title\">\n                    <a href=\"https:\/\/deltaideal.com\/tr\/2024\/06\/15\/the-visit-of-the-honorable-governor-of-isfahan-to-the-land-organization-plan-in-the-east-of-isfahan\/\">\n                        \u0130sfahan Valisi Say\u0131n&#8217;\u0131n \u0130sfahan&#8217;\u0131n do\u011fusundaki arazi d\u00fczenleme plan\u0131n\u0131 ziyareti                    <\/a>\n                <\/h4>\n                        <div class=\"entry-format\">\n                <a href=\"https:\/\/deltaideal.com\/tr\/2024\/06\/15\/the-visit-of-the-honorable-governor-of-isfahan-to-the-land-organization-plan-in-the-east-of-isfahan\/\">\n                    <div class=\"post-format format-\"> <\/div>\n                <\/a>\n            <\/div>\n        <\/header>\n                    <div class=\"entry-info\">\n                                    <div class=\"entry-date\">\n                        <a href=\"https:\/\/deltaideal.com\/tr\/2024\/06\/15\/the-visit-of-the-honorable-governor-of-isfahan-to-the-land-organization-plan-in-the-east-of-isfahan\/\">\n                            <time datetime=\"2024-06-15T09:37:57+00:00\" title=\"2024-06-15T09:37:57+00:00\" >June 15, 2024<\/time>\n                        <\/a>\n                    <\/div>\n                                                                                            <\/div>\n                                        <footer class=\"entry-meta clearfix\">\n                                    <div class=\"readmore\">\n                        <a href=\"https:\/\/deltaideal.com\/tr\/2024\/06\/15\/the-visit-of-the-honorable-governor-of-isfahan-to-the-land-organization-plan-in-the-east-of-isfahan\/\" class=\"aux-read-more\"><span class=\"aux-read-more-text\">Read More<\/span><\/a>\n                    <\/div>\n                                    <div class=\"comments-iconic\">\n                        \t\t<div class=\"wpulike wpulike-heart aux-wpulike  aux-wpulike-widget\" ><div class=\"wp_ulike_general_class wp_ulike_is_not_liked\"><button type=\"button\"\n\t\t\t\t\taria-label=\"Like Button\"\n\t\t\t\t\tdata-ulike-id=\"3354\"\n\t\t\t\t\tdata-ulike-nonce=\"8c63cd57d4\"\n\t\t\t\t\tdata-ulike-type=\"post\"\n\t\t\t\t\tdata-ulike-template=\"wpulike-heart\"\n\t\t\t\t\tdata-ulike-display-likers=\"0\"\n\t\t\t\t\tdata-ulike-likers-style=\"popover\"\n\t\t\t\t\tclass=\"wp_ulike_btn wp_ulike_put_image wp_post_btn_3354\"><\/button><span class=\"count-box wp_ulike_counter_up\" data-ulike-counter-value=\"0\"><\/span>\t\t\t<\/div><\/div>\n\t                    <\/div>\n                            <\/footer>\n            <\/div>\n        <\/div>\n    <div class=\"aux-flip-back\">\n            <div class=\"entry-main\">\n        <header class=\"entry-header\">\n            \n                <h4 class=\"entry-title\">\n                    <a href=\"https:\/\/deltaideal.com\/tr\/2024\/06\/15\/the-visit-of-the-honorable-governor-of-isfahan-to-the-land-organization-plan-in-the-east-of-isfahan\/\">\n                        \u0130sfahan Valisi Say\u0131n&#8217;\u0131n \u0130sfahan&#8217;\u0131n do\u011fusundaki arazi d\u00fczenleme plan\u0131n\u0131 ziyareti                    <\/a>\n                <\/h4>\n                        <div class=\"entry-format\">\n                <a href=\"https:\/\/deltaideal.com\/tr\/2024\/06\/15\/the-visit-of-the-honorable-governor-of-isfahan-to-the-land-organization-plan-in-the-east-of-isfahan\/\">\n                    <div class=\"post-format format-\"> <\/div>\n                <\/a>\n            <\/div>\n        <\/header>\n                    <div class=\"entry-info\">\n                                    <div class=\"entry-date\">\n                        <a href=\"https:\/\/deltaideal.com\/tr\/2024\/06\/15\/the-visit-of-the-honorable-governor-of-isfahan-to-the-land-organization-plan-in-the-east-of-isfahan\/\">\n                            <time datetime=\"2024-06-15T09:37:57+00:00\" title=\"2024-06-15T09:37:57+00:00\" >June 15, 2024<\/time>\n                        <\/a>\n                    <\/div>\n                                                                                            <\/div>\n                                        <footer class=\"entry-meta clearfix\">\n                                    <div class=\"readmore\">\n                        <a href=\"https:\/\/deltaideal.com\/tr\/2024\/06\/15\/the-visit-of-the-honorable-governor-of-isfahan-to-the-land-organization-plan-in-the-east-of-isfahan\/\" class=\"aux-read-more\"><span class=\"aux-read-more-text\">Read More<\/span><\/a>\n                    <\/div>\n                                    <div class=\"comments-iconic\">\n                        \t\t<div class=\"wpulike wpulike-heart aux-wpulike  aux-wpulike-widget\" ><div class=\"wp_ulike_general_class wp_ulike_is_not_liked\"><button type=\"button\"\n\t\t\t\t\taria-label=\"Like Button\"\n\t\t\t\t\tdata-ulike-id=\"3354\"\n\t\t\t\t\tdata-ulike-nonce=\"8c63cd57d4\"\n\t\t\t\t\tdata-ulike-type=\"post\"\n\t\t\t\t\tdata-ulike-template=\"wpulike-heart\"\n\t\t\t\t\tdata-ulike-display-likers=\"0\"\n\t\t\t\t\tdata-ulike-likers-style=\"popover\"\n\t\t\t\t\tclass=\"wp_ulike_btn wp_ulike_put_image wp_post_btn_3354\"><\/button><span class=\"count-box wp_ulike_counter_up\" data-ulike-counter-value=\"0\"><\/span>\t\t\t<\/div><\/div>\n\t                    <\/div>\n                            <\/footer>\n            <\/div>\n        <\/div>\n<\/article><\/div><\/div><\/section><!-- widget-container -->\t\t<\/div>\n\t\t\t\t<\/div>\n\t\t\t\t\t<\/div>\n\t\t<\/div>\n\t\t\t\t\t<\/div>\n\t\t<\/section>\n\t\t\t\t<\/div>\n\t\t","protected":false},"excerpt":{"rendered":"<p>Son zamanlarda neler oluyor? G\u00fcnl\u00fck Haberlerimiz Say\u0131n \u0130sfahan Valisinin yeni \u015fehir Baharistan projesine ziyareti June 15, 2024 | Edit Read More Say\u0131n \u0130sfahan Valisinin yeni \u015fehir Baharistan projesine ziyareti June 15, 2024 | Edit Read More \u0130sfahan Valisi Say\u0131n&#8217;\u0131n \u0130sfahan&#8217;\u0131n do\u011fusundaki arazi d\u00fczenleme plan\u0131n\u0131 ziyareti June 15, 2024 | Edit Read More \u0130sfahan Valisi Say\u0131n&#8217;\u0131n [&hellip;]<\/p>\n","protected":false},"author":1,"featured_media":0,"parent":0,"menu_order":0,"comment_status":"closed","ping_status":"closed","template":"","meta":{"footnotes":""},"class_list":["post-246","page","type-page","status-publish","hentry"],"_links":{"self":[{"href":"https:\/\/deltaideal.com\/tr\/wp-json\/wp\/v2\/pages\/246","targetHints":{"allow":["GET"]}}],"collection":[{"href":"https:\/\/deltaideal.com\/tr\/wp-json\/wp\/v2\/pages"}],"about":[{"href":"https:\/\/deltaideal.com\/tr\/wp-json\/wp\/v2\/types\/page"}],"author":[{"embeddable":true,"href":"https:\/\/deltaideal.com\/tr\/wp-json\/wp\/v2\/users\/1"}],"replies":[{"embeddable":true,"href":"https:\/\/deltaideal.com\/tr\/wp-json\/wp\/v2\/comments?post=246"}],"version-history":[{"count":13,"href":"https:\/\/deltaideal.com\/tr\/wp-json\/wp\/v2\/pages\/246\/revisions"}],"predecessor-version":[{"id":3509,"href":"https:\/\/deltaideal.com\/tr\/wp-json\/wp\/v2\/pages\/246\/revisions\/3509"}],"wp:attachment":[{"href":"https:\/\/deltaideal.com\/tr\/wp-json\/wp\/v2\/media?parent=246"}],"curies":[{"name":"wp","href":"https:\/\/api.w.org\/{rel}","templated":true}]}}