{"id":265,"date":"2024-08-17T00:57:23","date_gmt":"2024-08-17T00:57:23","guid":{"rendered":"https:\/\/deltaideal.com\/tr\/?page_id=265"},"modified":"2024-08-18T21:00:15","modified_gmt":"2024-08-18T21:00:15","slug":"a1py","status":"publish","type":"page","link":"https:\/\/deltaideal.com\/tr\/a1py\/","title":{"rendered":"A1 Parse Yal\u0131t\u0131m\u0131"},"content":{"rendered":"\t\t<div data-elementor-type=\"wp-page\" data-elementor-id=\"265\" class=\"elementor elementor-265\">\n\t\t\t\t\t\t<section class=\"elementor-section elementor-top-section elementor-element elementor-element-264976a elementor-section-boxed elementor-section-height-default elementor-section-height-default\" data-id=\"264976a\" data-element_type=\"section\">\n\t\t\t\t\t\t<div class=\"elementor-container elementor-column-gap-default\">\n\t\t\t\t\t<div class=\"aux-parallax-section elementor-column elementor-col-100 elementor-top-column elementor-element elementor-element-d3f6974\" data-id=\"d3f6974\" data-element_type=\"column\">\n\t\t\t<div class=\"elementor-widget-wrap elementor-element-populated\">\n\t\t\t\t\t\t<section class=\"elementor-section elementor-inner-section elementor-element elementor-element-05e961e elementor-section-boxed elementor-section-height-default elementor-section-height-default\" data-id=\"05e961e\" data-element_type=\"section\">\n\t\t\t\t\t\t<div class=\"elementor-container elementor-column-gap-default\">\n\t\t\t\t\t<div class=\"aux-parallax-section elementor-column elementor-col-50 elementor-inner-column elementor-element elementor-element-f244944\" data-id=\"f244944\" data-element_type=\"column\">\n\t\t\t<div class=\"elementor-widget-wrap elementor-element-populated\">\n\t\t\t\t\t\t<div class=\"elementor-element elementor-element-5b25ff5 elementor-widget__width-initial elementor-widget elementor-widget-aux_modern_heading\" data-id=\"5b25ff5\" data-element_type=\"widget\" data-widget_type=\"aux_modern_heading.default\">\n\t\t\t\t<div class=\"elementor-widget-container\">\n\t\t\t<section class=\"aux-widget-modern-heading\">\n            <div class=\"aux-widget-inner\"><h2 class=\"aux-modern-heading-primary\"><\/h2><h3 class=\"aux-modern-heading-secondary\"><span class=\"aux-head-before\">A1 Parse Yal\u0131t\u0131m A.\u015e.<\/span><\/h3><div class=\"aux-modern-heading-description\"><p>(Delta Ideal Group'un \u0130ran'daki ilk resmi temsilcisi).<\/p><\/div><\/div>\n        <\/section>\t\t<\/div>\n\t\t\t\t<\/div>\n\t\t\t\t\t<\/div>\n\t\t<\/div>\n\t\t\t\t<div class=\"aux-parallax-section elementor-column elementor-col-50 elementor-inner-column elementor-element elementor-element-0319555\" data-id=\"0319555\" data-element_type=\"column\">\n\t\t\t<div class=\"elementor-widget-wrap elementor-element-populated\">\n\t\t\t\t\t\t<div class=\"elementor-element elementor-element-9442b39 elementor-widget elementor-widget-image\" data-id=\"9442b39\" data-element_type=\"widget\" data-widget_type=\"image.default\">\n\t\t\t\t<div class=\"elementor-widget-container\">\n\t\t\t\t\t\t\t\t\t\t\t\t\t<img fetchpriority=\"high\" decoding=\"async\" width=\"250\" height=\"250\" src=\"https:\/\/deltaideal.com\/tr\/wp-content\/uploads\/2024\/08\/a1LOGO250.png\" class=\"attachment-large size-large wp-image-267\" alt=\"\" srcset=\"https:\/\/deltaideal.com\/tr\/wp-content\/uploads\/2024\/08\/a1LOGO250.png 250w, https:\/\/deltaideal.com\/tr\/wp-content\/uploads\/2024\/08\/a1LOGO250-150x150.png 150w, https:\/\/deltaideal.com\/tr\/wp-content\/uploads\/2024\/08\/a1LOGO250-200x200.png 200w\" sizes=\"(max-width: 250px) 100vw, 250px\" \/>\t\t\t\t\t\t\t\t\t\t\t\t\t<\/div>\n\t\t\t\t<\/div>\n\t\t\t\t\t<\/div>\n\t\t<\/div>\n\t\t\t\t\t<\/div>\n\t\t<\/section>\n\t\t\t\t<section class=\"elementor-section elementor-inner-section elementor-element elementor-element-21abf56 elementor-section-boxed elementor-section-height-default elementor-section-height-default\" data-id=\"21abf56\" data-element_type=\"section\">\n\t\t\t\t\t\t<div class=\"elementor-container elementor-column-gap-default\">\n\t\t\t\t\t<div class=\"aux-parallax-section elementor-column elementor-col-50 elementor-inner-column elementor-element elementor-element-0996cd7\" data-id=\"0996cd7\" data-element_type=\"column\">\n\t\t\t<div class=\"elementor-widget-wrap elementor-element-populated\">\n\t\t\t\t\t\t<div class=\"elementor-element elementor-element-6ac6fe8 elementor-widget elementor-widget-text-editor\" data-id=\"6ac6fe8\" data-element_type=\"widget\" data-widget_type=\"text-editor.default\">\n\t\t\t\t<div class=\"elementor-widget-container\">\n\t\t\t\t\t\t\t<p>A1 Parse Yal\u0131t\u0131m \u015eirketi, Pedro-Panel (yal\u0131t\u0131ml\u0131 ve prefabrik tarz\u0131 b\u00f6lme duvarlar) end\u00fcstriyel hale getirilmesi amac\u0131yla kurulmu\u015ftur.<\/p><p>Pedro-Panel olumlu \u00f6zellikleri, seri ve end\u00fcstriyel \u00fcretimini ka\u00e7\u0131n\u0131lmaz hale getirmi\u015ftir. Buna dayanarak, yerelle\u015ftirilmesi ve \u0130ran \u0130slam Cumhuriyeti&#8217;nin ulusal yap\u0131 kodlar\u0131 ve y\u00f6netmeliklerine uygunlu\u011fu g\u00fcndeme getirilmi\u015ftir ve \u015fimdi makineler in\u015fa ediyor ve kuruyor ve teknolojiyi sevgili \u00fclkemize aktar\u0131yoruz.<\/p>\t\t\t\t\t\t<\/div>\n\t\t\t\t<\/div>\n\t\t\t\t\t<\/div>\n\t\t<\/div>\n\t\t\t\t<div class=\"aux-parallax-section elementor-column elementor-col-50 elementor-inner-column elementor-element elementor-element-a54e8d8\" data-id=\"a54e8d8\" data-element_type=\"column\">\n\t\t\t<div class=\"elementor-widget-wrap\">\n\t\t\t\t\t\t\t<\/div>\n\t\t<\/div>\n\t\t\t\t\t<\/div>\n\t\t<\/section>\n\t\t\t\t\t<\/div>\n\t\t<\/div>\n\t\t\t\t\t<\/div>\n\t\t<\/section>\n\t\t\t\t<\/div>\n\t\t","protected":false},"excerpt":{"rendered":"<p>A1 Parse Yal\u0131t\u0131m A.\u015e. (Delta Ideal Group&#8217;un \u0130ran&#8217;daki ilk resmi temsilcisi). A1 Parse Yal\u0131t\u0131m \u015eirketi, Pedro-Panel (yal\u0131t\u0131ml\u0131 ve prefabrik tarz\u0131 b\u00f6lme duvarlar) end\u00fcstriyel hale getirilmesi amac\u0131yla kurulmu\u015ftur. Pedro-Panel olumlu \u00f6zellikleri, seri ve end\u00fcstriyel \u00fcretimini ka\u00e7\u0131n\u0131lmaz hale getirmi\u015ftir. Buna dayanarak, yerelle\u015ftirilmesi ve \u0130ran \u0130slam Cumhuriyeti&#8217;nin ulusal yap\u0131 kodlar\u0131 ve y\u00f6netmeliklerine uygunlu\u011fu g\u00fcndeme getirilmi\u015ftir ve \u015fimdi makineler [&hellip;]<\/p>\n","protected":false},"author":1,"featured_media":0,"parent":0,"menu_order":0,"comment_status":"closed","ping_status":"closed","template":"","meta":{"footnotes":""},"class_list":["post-265","page","type-page","status-publish","hentry"],"_links":{"self":[{"href":"https:\/\/deltaideal.com\/tr\/wp-json\/wp\/v2\/pages\/265","targetHints":{"allow":["GET"]}}],"collection":[{"href":"https:\/\/deltaideal.com\/tr\/wp-json\/wp\/v2\/pages"}],"about":[{"href":"https:\/\/deltaideal.com\/tr\/wp-json\/wp\/v2\/types\/page"}],"author":[{"embeddable":true,"href":"https:\/\/deltaideal.com\/tr\/wp-json\/wp\/v2\/users\/1"}],"replies":[{"embeddable":true,"href":"https:\/\/deltaideal.com\/tr\/wp-json\/wp\/v2\/comments?post=265"}],"version-history":[{"count":14,"href":"https:\/\/deltaideal.com\/tr\/wp-json\/wp\/v2\/pages\/265\/revisions"}],"predecessor-version":[{"id":3503,"href":"https:\/\/deltaideal.com\/tr\/wp-json\/wp\/v2\/pages\/265\/revisions\/3503"}],"wp:attachment":[{"href":"https:\/\/deltaideal.com\/tr\/wp-json\/wp\/v2\/media?parent=265"}],"curies":[{"name":"wp","href":"https:\/\/api.w.org\/{rel}","templated":true}]}}